{"id":4239,"date":"2024-03-11T17:37:47","date_gmt":"2024-03-11T22:37:47","guid":{"rendered":"https:\/\/iejosemariacordoba.edu.co\/?page_id=4239"},"modified":"2025-01-20T17:48:27","modified_gmt":"2025-01-20T22:48:27","slug":"estados-financieros-2024","status":"publish","type":"page","link":"https:\/\/iejosemariacordoba.edu.co\/?page_id=4239","title":{"rendered":"Estados Financieros 2024"},"content":{"rendered":"\t\t<div data-elementor-type=\"wp-page\" data-elementor-id=\"4239\" class=\"elementor elementor-4239\">\n\t\t\t\t\t\t\t\t\t<section class=\"elementor-section elementor-top-section elementor-element elementor-element-59be0bac elementor-section-boxed elementor-section-height-default elementor-section-height-default\" data-id=\"59be0bac\" data-element_type=\"section\" data-settings=\"{&quot;background_background&quot;:&quot;gradient&quot;}\">\n\t\t\t\t\t\t\t<div class=\"elementor-background-overlay\"><\/div>\n\t\t\t\t\t\t\t<div class=\"elementor-container elementor-column-gap-no\">\n\t\t\t\t\t<div class=\"elementor-column elementor-col-100 elementor-top-column elementor-element elementor-element-6972eff\" data-id=\"6972eff\" data-element_type=\"column\" data-settings=\"{&quot;background_background&quot;:&quot;classic&quot;}\">\n\t\t\t<div class=\"elementor-widget-wrap elementor-element-populated\">\n\t\t\t\t\t\t\t\t<div class=\"elementor-element elementor-element-277d1a52 elementor-widget elementor-widget-heading\" data-id=\"277d1a52\" data-element_type=\"widget\" data-widget_type=\"heading.default\">\n\t\t\t\t<div class=\"elementor-widget-container\">\n\t\t\t<h1 class=\"elementor-heading-title elementor-size-default\">Estados Financieros 2024<\/h1>\t\t<\/div>\n\t\t\t\t<\/div>\n\t\t\t\t\t<\/div>\n\t\t<\/div>\n\t\t\t\t\t\t\t<\/div>\n\t\t<\/section>\n\t\t\t\t<section class=\"elementor-section elementor-top-section elementor-element elementor-element-7296ffac elementor-section-boxed elementor-section-height-default elementor-section-height-default\" data-id=\"7296ffac\" data-element_type=\"section\">\n\t\t\t\t\t\t<div class=\"elementor-container elementor-column-gap-default\">\n\t\t\t\t\t<div class=\"elementor-column elementor-col-100 elementor-top-column elementor-element elementor-element-45daff4c\" data-id=\"45daff4c\" data-element_type=\"column\">\n\t\t\t<div class=\"elementor-widget-wrap elementor-element-populated\">\n\t\t\t\t\t\t\t\t<div class=\"elementor-element elementor-element-2769c7ba elementor-widget elementor-widget-spacer\" data-id=\"2769c7ba\" data-element_type=\"widget\" data-widget_type=\"spacer.default\">\n\t\t\t\t<div class=\"elementor-widget-container\">\n\t\t\t\t\t<div class=\"elementor-spacer\">\n\t\t\t<div class=\"elementor-spacer-inner\"><\/div>\n\t\t<\/div>\n\t\t\t\t<\/div>\n\t\t\t\t<\/div>\n\t\t\t\t\t<\/div>\n\t\t<\/div>\n\t\t\t\t\t\t\t<\/div>\n\t\t<\/section>\n\t\t\t\t<section class=\"elementor-section elementor-top-section elementor-element elementor-element-78fd191 elementor-section-boxed elementor-section-height-default elementor-section-height-default\" data-id=\"78fd191\" data-element_type=\"section\">\n\t\t\t\t\t\t<div class=\"elementor-container elementor-column-gap-default\">\n\t\t\t\t\t<div class=\"elementor-column elementor-col-100 elementor-top-column elementor-element elementor-element-2a874848\" data-id=\"2a874848\" data-element_type=\"column\">\n\t\t\t<div class=\"elementor-widget-wrap\">\n\t\t\t\t\t\t\t\t\t<\/div>\n\t\t<\/div>\n\t\t\t\t\t\t\t<\/div>\n\t\t<\/section>\n\t\t\t\t<section class=\"elementor-section elementor-top-section elementor-element elementor-element-42c8b391 elementor-section-boxed elementor-section-height-default elementor-section-height-default\" data-id=\"42c8b391\" data-element_type=\"section\">\n\t\t\t\t\t\t<div class=\"elementor-container elementor-column-gap-default\">\n\t\t\t\t\t<div class=\"elementor-column elementor-col-100 elementor-top-column elementor-element elementor-element-1b7ce5dd\" data-id=\"1b7ce5dd\" data-element_type=\"column\">\n\t\t\t<div class=\"elementor-widget-wrap elementor-element-populated\">\n\t\t\t\t\t\t\t\t<div class=\"elementor-element elementor-element-c8a55a elementor-widget elementor-widget-text-editor\" data-id=\"c8a55a\" data-element_type=\"widget\" data-widget_type=\"text-editor.default\">\n\t\t\t\t<div class=\"elementor-widget-container\">\n\t\t\t\t\t\t\t<p><strong>Enero:<\/strong><\/p><ul><li><a href=\"https:\/\/iejosemariacordoba.edu.co\/wp-content\/uploads\/2024\/03\/estado-de-la-situacion-financiera-enero-2024.pdf\">estado de la situaci\u00f3n financiera enero 2024<\/a><\/li><li><a href=\"https:\/\/iejosemariacordoba.edu.co\/wp-content\/uploads\/2024\/03\/Balance-de-prueba-enero-2024.pdf\">Balance de prueba enero 2024<\/a>\u00a0<\/li><li><a href=\"https:\/\/iejosemariacordoba.edu.co\/wp-content\/uploads\/2024\/03\/estado-de-resultados-enero-2024.pdf\">estado de resultados enero 2024<\/a><\/li><\/ul><p><strong>Febrero:<\/strong><\/p><ul><li><a href=\"https:\/\/iejosemariacordoba.edu.co\/wp-content\/uploads\/2024\/03\/estado-situacion-financiera-febrero.pdf\">estado situaci\u00f3n financiera febrero<\/a><\/li><li><a href=\"https:\/\/iejosemariacordoba.edu.co\/wp-content\/uploads\/2024\/03\/balance-de-prueba-febrero.pdf\">balance de prueba febrero<\/a><\/li><li><a href=\"https:\/\/iejosemariacordoba.edu.co\/wp-content\/uploads\/2024\/03\/estado-de-resultados-febrero-.pdf\">estado de resultados febrero<\/a><\/li><\/ul><p><strong>Marzo:<\/strong><\/p><ul><li><a href=\"https:\/\/iejosemariacordoba.edu.co\/wp-content\/uploads\/2024\/04\/estado-de-la-situacion-financiera-marzo2024.pdf\">estado de la situaci\u00f3n financiera marzo2024<\/a><\/li><li><a href=\"https:\/\/iejosemariacordoba.edu.co\/wp-content\/uploads\/2024\/04\/balance-de-prueba-marzo-2024.pdf\">balance de prueba marzo 2024<\/a><\/li><li><a href=\"https:\/\/iejosemariacordoba.edu.co\/wp-content\/uploads\/2024\/04\/estado-de-resultados-marzo-2024.pdf\">estado de resultados marzo 2024<\/a><\/li><\/ul><p><strong>Abril:<\/strong><\/p><ul><li><a href=\"https:\/\/iejosemariacordoba.edu.co\/wp-content\/uploads\/2024\/05\/estado-situacion-financiera-abril.pdf\">estado situaci\u00f3n financiera abril<\/a><\/li><li><a href=\"https:\/\/iejosemariacordoba.edu.co\/wp-content\/uploads\/2024\/05\/balance-de-prueba-abril.pdf\">balance de prueba abril<\/a><\/li><li><a href=\"https:\/\/iejosemariacordoba.edu.co\/wp-content\/uploads\/2024\/05\/estados-resultados-abril.pdf\">estados resultados abril<\/a><\/li><\/ul><p><strong>Mayo:<\/strong><\/p><ul><li><a href=\"https:\/\/iejosemariacordoba.edu.co\/wp-content\/uploads\/2024\/07\/estado-de-la-situacion-financiera-mayo.pdf\">estado de la situaci\u00f3n financiera mayo<\/a><\/li><li><a href=\"https:\/\/iejosemariacordoba.edu.co\/wp-content\/uploads\/2024\/07\/balance-de-prueba-corte-mayo.pdf\">balance de prueba corte mayo<\/a><\/li><li><a href=\"https:\/\/iejosemariacordoba.edu.co\/wp-content\/uploads\/2024\/07\/estado-de-resultados-corte-mayo.pdf\">estado de resultados corte mayo<\/a><\/li><\/ul><p><strong>Junio:<\/strong><\/p><ul><li><a href=\"https:\/\/iejosemariacordoba.edu.co\/wp-content\/uploads\/2024\/07\/estado-de-la-situacion-financiera-junio-2024.pdf\">estado de la situacion financiera junio 2024<\/a><\/li><li><a href=\"https:\/\/iejosemariacordoba.edu.co\/wp-content\/uploads\/2024\/07\/balance-de-prueba-junio-2024.pdf\">balance de prueba junio 2024<\/a><\/li><li><a href=\"https:\/\/iejosemariacordoba.edu.co\/wp-content\/uploads\/2024\/07\/estado-de-resultados-junio-2024.pdf\">estado de resultados junio 2024<\/a><\/li><\/ul><p><strong>Julio:<\/strong><\/p><ul><li><a href=\"https:\/\/iejosemariacordoba.edu.co\/wp-content\/uploads\/2024\/08\/ESTADO-DE-LA-SITUACION-FINANCIERA.pdf\">ESTADO DE LA SITUACION FINANCIERA<\/a><\/li><li><a href=\"https:\/\/iejosemariacordoba.edu.co\/wp-content\/uploads\/2024\/08\/BALANCE-DE-PRUEBA.pdf\">BALANCE DE PRUEBA<\/a><\/li><li><a href=\"https:\/\/iejosemariacordoba.edu.co\/wp-content\/uploads\/2024\/08\/ESTADO-DE-RESULTADOS.pdf\">ESTADO DE RESULTADOS.<\/a><\/li><\/ul><p><strong>Agosto:<\/strong><\/p><ul><li><a href=\"https:\/\/iejosemariacordoba.edu.co\/wp-content\/uploads\/2024\/09\/Estado-de-la-situacion-financiera-agosto.pdf\">Estado de la situacion financiera agosto<\/a><\/li><li><a href=\"https:\/\/iejosemariacordoba.edu.co\/wp-content\/uploads\/2024\/09\/balance-de-prueba-agosto-.pdf\">balance de prueba agosto<\/a><\/li><li><a href=\"https:\/\/iejosemariacordoba.edu.co\/wp-content\/uploads\/2024\/09\/estado-de-resultados-agosto.pdf\">estado de resultados agosto<\/a><\/li><\/ul><p><strong>Septiembre:<\/strong><\/p><ul><li><a href=\"https:\/\/iejosemariacordoba.edu.co\/wp-content\/uploads\/2024\/10\/estado-de-la-situacion-financiera-sept-2024.pdf\">estado de la situaci\u00f3n financiera sept 2024<\/a><\/li><li><a href=\"https:\/\/iejosemariacordoba.edu.co\/wp-content\/uploads\/2024\/10\/balance-de-prueba-sept-2024.pdf\">balance de prueba sept 2024<\/a><\/li><li><a href=\"https:\/\/iejosemariacordoba.edu.co\/wp-content\/uploads\/2024\/10\/estado-de-resultados-sept-2024.pdf\">estado de resultados sept 2024<\/a><\/li><\/ul><p><strong>Octubre:<\/strong><\/p><ul><li><a href=\"https:\/\/iejosemariacordoba.edu.co\/wp-content\/uploads\/2024\/11\/estado-de-la-situacion-financiera-octubre-.pdf\">estado de la situaci\u00f3n financiera octubre<\/a><\/li><li><a href=\"https:\/\/iejosemariacordoba.edu.co\/wp-content\/uploads\/2024\/11\/balance-de-prueba-octubre-.pdf\">balance de prueba octubre<\/a><\/li><li><a href=\"https:\/\/iejosemariacordoba.edu.co\/wp-content\/uploads\/2024\/11\/estados-de-resultados-octubre-.pdf\">estados de resultados octubre<\/a><\/li><\/ul><p><strong>Noviembre:<\/strong><\/p><ul><li><a href=\"https:\/\/iejosemariacordoba.edu.co\/wp-content\/uploads\/2024\/12\/Estado-de-la-situacion-financiera-noviembre-2024.pdf\">Estado de la situaci\u00f3n financiera noviembre 2024<\/a><\/li><li><a href=\"https:\/\/iejosemariacordoba.edu.co\/wp-content\/uploads\/2024\/12\/balance-de-prueba-noviembre-2024.pdf\">balance de prueba noviembre 2024<\/a><\/li><li><a href=\"https:\/\/iejosemariacordoba.edu.co\/wp-content\/uploads\/2024\/12\/Estados-de-resultados-noviembre-2024.pdf\">Estados de resultados noviembre 2024<\/a><\/li><\/ul><p><strong>Diciembre:<\/strong><\/p><ul><li><a href=\"https:\/\/iejosemariacordoba.edu.co\/wp-content\/uploads\/2025\/01\/estado-de-la-situacion-financiera-diciembre-2024.pdf\">estado de la situaci\u00f3n financiera diciembre 2024<\/a><\/li><li><a href=\"https:\/\/iejosemariacordoba.edu.co\/wp-content\/uploads\/2025\/01\/balance-de-prueba-diciembre-2024.pdf\">balance de prueba diciembre 2024<\/a><\/li><li><a href=\"https:\/\/iejosemariacordoba.edu.co\/wp-content\/uploads\/2025\/01\/estado-resultados-diciembre-2024.pdf\">estado resultados diciembre 2024<\/a><\/li><\/ul>\t\t\t\t\t\t<\/div>\n\t\t\t\t<\/div>\n\t\t\t\t<div class=\"elementor-element elementor-element-267933d3 elementor-widget elementor-widget-spacer\" data-id=\"267933d3\" data-element_type=\"widget\" data-widget_type=\"spacer.default\">\n\t\t\t\t<div class=\"elementor-widget-container\">\n\t\t\t\t\t<div class=\"elementor-spacer\">\n\t\t\t<div class=\"elementor-spacer-inner\"><\/div>\n\t\t<\/div>\n\t\t\t\t<\/div>\n\t\t\t\t<\/div>\n\t\t\t\t\t<\/div>\n\t\t<\/div>\n\t\t\t\t\t\t\t<\/div>\n\t\t<\/section>\n\t\t\t\t\t\t\t<\/div>\n\t\t","protected":false},"excerpt":{"rendered":"<p>Estados Financieros 2024 Enero: estado de la situaci\u00f3n financiera enero 2024 Balance de prueba enero 2024\u00a0 estado de resultados enero 2024 Febrero: estado situaci\u00f3n financiera febrero balance de prueba febrero estado de resultados febrero Marzo: estado de la situaci\u00f3n financiera marzo2024 balance de prueba marzo 2024 estado de resultados marzo 2024 Abril: estado situaci\u00f3n financiera [&hellip;]<\/p>\n","protected":false},"author":1,"featured_media":0,"parent":0,"menu_order":0,"comment_status":"closed","ping_status":"closed","template":"","meta":{"site-sidebar-layout":"no-sidebar","site-content-layout":"page-builder","ast-site-content-layout":"","site-content-style":"default","site-sidebar-style":"default","ast-global-header-display":"","ast-banner-title-visibility":"","ast-main-header-display":"","ast-hfb-above-header-display":"","ast-hfb-below-header-display":"","ast-hfb-mobile-header-display":"","site-post-title":"disabled","ast-breadcrumbs-content":"","ast-featured-img":"disabled","footer-sml-layout":"","theme-transparent-header-meta":"","adv-header-id-meta":"","stick-header-meta":"","header-above-stick-meta":"","header-main-stick-meta":"","header-below-stick-meta":"","astra-migrate-meta-layouts":"default","ast-page-background-enabled":"default","ast-page-background-meta":{"desktop":{"background-color":"","background-image":"","background-repeat":"repeat","background-position":"center center","background-size":"auto","background-attachment":"scroll","background-type":"","background-media":"","overlay-type":"","overlay-color":"","overlay-opacity":"","overlay-gradient":""},"tablet":{"background-color":"","background-image":"","background-repeat":"repeat","background-position":"center center","background-size":"auto","background-attachment":"scroll","background-type":"","background-media":"","overlay-type":"","overlay-color":"","overlay-opacity":"","overlay-gradient":""},"mobile":{"background-color":"","background-image":"","background-repeat":"repeat","background-position":"center center","background-size":"auto","background-attachment":"scroll","background-type":"","background-media":"","overlay-type":"","overlay-color":"","overlay-opacity":"","overlay-gradient":""}},"ast-content-background-meta":{"desktop":{"background-color":"var(--ast-global-color-5)","background-image":"","background-repeat":"repeat","background-position":"center center","background-size":"auto","background-attachment":"scroll","background-type":"","background-media":"","overlay-type":"","overlay-color":"","overlay-opacity":"","overlay-gradient":""},"tablet":{"background-color":"var(--ast-global-color-5)","background-image":"","background-repeat":"repeat","background-position":"center center","background-size":"auto","background-attachment":"scroll","background-type":"","background-media":"","overlay-type":"","overlay-color":"","overlay-opacity":"","overlay-gradient":""},"mobile":{"background-color":"var(--ast-global-color-5)","background-image":"","background-repeat":"repeat","background-position":"center center","background-size":"auto","background-attachment":"scroll","background-type":"","background-media":"","overlay-type":"","overlay-color":"","overlay-opacity":"","overlay-gradient":""}},"footnotes":""},"class_list":["post-4239","page","type-page","status-publish","hentry"],"yoast_head":"<!-- This site is optimized with the Yoast SEO plugin v24.4 - https:\/\/yoast.com\/wordpress\/plugins\/seo\/ -->\n<title>Estados Financieros 2024 - Jos\u00e9 Maria Cordoba<\/title>\n<meta name=\"robots\" content=\"index, follow, max-snippet:-1, max-image-preview:large, max-video-preview:-1\" \/>\n<link rel=\"canonical\" href=\"https:\/\/iejosemariacordoba.edu.co\/?page_id=4239\" \/>\n<meta property=\"og:locale\" content=\"es_ES\" \/>\n<meta property=\"og:type\" content=\"article\" \/>\n<meta property=\"og:title\" content=\"Estados Financieros 2024 - Jos\u00e9 Maria Cordoba\" \/>\n<meta property=\"og:description\" content=\"Estados Financieros 2024 Enero: estado de la situaci\u00f3n financiera enero 2024 Balance de prueba enero 2024\u00a0 estado de resultados enero 2024 Febrero: estado situaci\u00f3n financiera febrero balance de prueba febrero estado de resultados febrero Marzo: estado de la situaci\u00f3n financiera marzo2024 balance de prueba marzo 2024 estado de resultados marzo 2024 Abril: estado situaci\u00f3n financiera [&hellip;]\" \/>\n<meta property=\"og:url\" content=\"https:\/\/iejosemariacordoba.edu.co\/?page_id=4239\" \/>\n<meta property=\"og:site_name\" content=\"Jos\u00e9 Maria Cordoba\" \/>\n<meta property=\"article:modified_time\" content=\"2025-01-20T22:48:27+00:00\" \/>\n<meta name=\"twitter:card\" content=\"summary_large_image\" \/>\n<meta name=\"twitter:label1\" content=\"Tiempo de lectura\" \/>\n\t<meta name=\"twitter:data1\" content=\"1 minuto\" \/>\n<script type=\"application\/ld+json\" class=\"yoast-schema-graph\">{\"@context\":\"https:\/\/schema.org\",\"@graph\":[{\"@type\":\"WebPage\",\"@id\":\"https:\/\/iejosemariacordoba.edu.co\/?page_id=4239\",\"url\":\"https:\/\/iejosemariacordoba.edu.co\/?page_id=4239\",\"name\":\"Estados Financieros 2024 - Jos\u00e9 Maria Cordoba\",\"isPartOf\":{\"@id\":\"https:\/\/iejosemariacordoba.edu.co\/#website\"},\"datePublished\":\"2024-03-11T22:37:47+00:00\",\"dateModified\":\"2025-01-20T22:48:27+00:00\",\"breadcrumb\":{\"@id\":\"https:\/\/iejosemariacordoba.edu.co\/?page_id=4239#breadcrumb\"},\"inLanguage\":\"es\",\"potentialAction\":[{\"@type\":\"ReadAction\",\"target\":[\"https:\/\/iejosemariacordoba.edu.co\/?page_id=4239\"]}]},{\"@type\":\"BreadcrumbList\",\"@id\":\"https:\/\/iejosemariacordoba.edu.co\/?page_id=4239#breadcrumb\",\"itemListElement\":[{\"@type\":\"ListItem\",\"position\":1,\"name\":\"Portada\",\"item\":\"https:\/\/iejosemariacordoba.edu.co\/\"},{\"@type\":\"ListItem\",\"position\":2,\"name\":\"Estados Financieros 2024\"}]},{\"@type\":\"WebSite\",\"@id\":\"https:\/\/iejosemariacordoba.edu.co\/#website\",\"url\":\"https:\/\/iejosemariacordoba.edu.co\/\",\"name\":\"Jos\u00e9 Maria Cordoba\",\"description\":\"JMC\",\"publisher\":{\"@id\":\"https:\/\/iejosemariacordoba.edu.co\/#organization\"},\"potentialAction\":[{\"@type\":\"SearchAction\",\"target\":{\"@type\":\"EntryPoint\",\"urlTemplate\":\"https:\/\/iejosemariacordoba.edu.co\/?s={search_term_string}\"},\"query-input\":{\"@type\":\"PropertyValueSpecification\",\"valueRequired\":true,\"valueName\":\"search_term_string\"}}],\"inLanguage\":\"es\"},{\"@type\":\"Organization\",\"@id\":\"https:\/\/iejosemariacordoba.edu.co\/#organization\",\"name\":\"Jos\u00e9 Maria Cordoba\",\"url\":\"https:\/\/iejosemariacordoba.edu.co\/\",\"logo\":{\"@type\":\"ImageObject\",\"inLanguage\":\"es\",\"@id\":\"https:\/\/iejosemariacordoba.edu.co\/#\/schema\/logo\/image\/\",\"url\":\"https:\/\/iejosemariacordoba.edu.co\/wp-content\/uploads\/2021\/06\/cropped-cropped-logojomacosinfondo-1.png\",\"contentUrl\":\"https:\/\/iejosemariacordoba.edu.co\/wp-content\/uploads\/2021\/06\/cropped-cropped-logojomacosinfondo-1.png\",\"width\":894,\"height\":1247,\"caption\":\"Jos\u00e9 Maria Cordoba\"},\"image\":{\"@id\":\"https:\/\/iejosemariacordoba.edu.co\/#\/schema\/logo\/image\/\"}}]}<\/script>\n<!-- \/ Yoast SEO plugin. -->","yoast_head_json":{"title":"Estados Financieros 2024 - Jos\u00e9 Maria Cordoba","robots":{"index":"index","follow":"follow","max-snippet":"max-snippet:-1","max-image-preview":"max-image-preview:large","max-video-preview":"max-video-preview:-1"},"canonical":"https:\/\/iejosemariacordoba.edu.co\/?page_id=4239","og_locale":"es_ES","og_type":"article","og_title":"Estados Financieros 2024 - Jos\u00e9 Maria Cordoba","og_description":"Estados Financieros 2024 Enero: estado de la situaci\u00f3n financiera enero 2024 Balance de prueba enero 2024\u00a0 estado de resultados enero 2024 Febrero: estado situaci\u00f3n financiera febrero balance de prueba febrero estado de resultados febrero Marzo: estado de la situaci\u00f3n financiera marzo2024 balance de prueba marzo 2024 estado de resultados marzo 2024 Abril: estado situaci\u00f3n financiera [&hellip;]","og_url":"https:\/\/iejosemariacordoba.edu.co\/?page_id=4239","og_site_name":"Jos\u00e9 Maria Cordoba","article_modified_time":"2025-01-20T22:48:27+00:00","twitter_card":"summary_large_image","twitter_misc":{"Tiempo de lectura":"1 minuto"},"schema":{"@context":"https:\/\/schema.org","@graph":[{"@type":"WebPage","@id":"https:\/\/iejosemariacordoba.edu.co\/?page_id=4239","url":"https:\/\/iejosemariacordoba.edu.co\/?page_id=4239","name":"Estados Financieros 2024 - Jos\u00e9 Maria Cordoba","isPartOf":{"@id":"https:\/\/iejosemariacordoba.edu.co\/#website"},"datePublished":"2024-03-11T22:37:47+00:00","dateModified":"2025-01-20T22:48:27+00:00","breadcrumb":{"@id":"https:\/\/iejosemariacordoba.edu.co\/?page_id=4239#breadcrumb"},"inLanguage":"es","potentialAction":[{"@type":"ReadAction","target":["https:\/\/iejosemariacordoba.edu.co\/?page_id=4239"]}]},{"@type":"BreadcrumbList","@id":"https:\/\/iejosemariacordoba.edu.co\/?page_id=4239#breadcrumb","itemListElement":[{"@type":"ListItem","position":1,"name":"Portada","item":"https:\/\/iejosemariacordoba.edu.co\/"},{"@type":"ListItem","position":2,"name":"Estados Financieros 2024"}]},{"@type":"WebSite","@id":"https:\/\/iejosemariacordoba.edu.co\/#website","url":"https:\/\/iejosemariacordoba.edu.co\/","name":"Jos\u00e9 Maria Cordoba","description":"JMC","publisher":{"@id":"https:\/\/iejosemariacordoba.edu.co\/#organization"},"potentialAction":[{"@type":"SearchAction","target":{"@type":"EntryPoint","urlTemplate":"https:\/\/iejosemariacordoba.edu.co\/?s={search_term_string}"},"query-input":{"@type":"PropertyValueSpecification","valueRequired":true,"valueName":"search_term_string"}}],"inLanguage":"es"},{"@type":"Organization","@id":"https:\/\/iejosemariacordoba.edu.co\/#organization","name":"Jos\u00e9 Maria Cordoba","url":"https:\/\/iejosemariacordoba.edu.co\/","logo":{"@type":"ImageObject","inLanguage":"es","@id":"https:\/\/iejosemariacordoba.edu.co\/#\/schema\/logo\/image\/","url":"https:\/\/iejosemariacordoba.edu.co\/wp-content\/uploads\/2021\/06\/cropped-cropped-logojomacosinfondo-1.png","contentUrl":"https:\/\/iejosemariacordoba.edu.co\/wp-content\/uploads\/2021\/06\/cropped-cropped-logojomacosinfondo-1.png","width":894,"height":1247,"caption":"Jos\u00e9 Maria Cordoba"},"image":{"@id":"https:\/\/iejosemariacordoba.edu.co\/#\/schema\/logo\/image\/"}}]}},"_links":{"self":[{"href":"https:\/\/iejosemariacordoba.edu.co\/index.php?rest_route=\/wp\/v2\/pages\/4239","targetHints":{"allow":["GET"]}}],"collection":[{"href":"https:\/\/iejosemariacordoba.edu.co\/index.php?rest_route=\/wp\/v2\/pages"}],"about":[{"href":"https:\/\/iejosemariacordoba.edu.co\/index.php?rest_route=\/wp\/v2\/types\/page"}],"author":[{"embeddable":true,"href":"https:\/\/iejosemariacordoba.edu.co\/index.php?rest_route=\/wp\/v2\/users\/1"}],"replies":[{"embeddable":true,"href":"https:\/\/iejosemariacordoba.edu.co\/index.php?rest_route=%2Fwp%2Fv2%2Fcomments&post=4239"}],"version-history":[{"count":37,"href":"https:\/\/iejosemariacordoba.edu.co\/index.php?rest_route=\/wp\/v2\/pages\/4239\/revisions"}],"predecessor-version":[{"id":4735,"href":"https:\/\/iejosemariacordoba.edu.co\/index.php?rest_route=\/wp\/v2\/pages\/4239\/revisions\/4735"}],"wp:attachment":[{"href":"https:\/\/iejosemariacordoba.edu.co\/index.php?rest_route=%2Fwp%2Fv2%2Fmedia&parent=4239"}],"curies":[{"name":"wp","href":"https:\/\/api.w.org\/{rel}","templated":true}]}}